{"id":3,"date":"2022-06-29T10:27:53","date_gmt":"2022-06-29T10:27:53","guid":{"rendered":"http:\/\/romacastiglione.cambia-marketing.it\/?page_id=3"},"modified":"2022-07-12T15:06:59","modified_gmt":"2022-07-12T15:06:59","slug":"privacy-policy","status":"publish","type":"page","link":"https:\/\/hotelromacastiglione.it\/en\/privacy-policy\/","title":{"rendered":"Privacy Policy"},"content":{"rendered":"<p><strong>Soggetti Interessati: Navigatori<\/strong><\/p>\n\n\n\n<p>Ai sensi del Regolamento (UE) 2016\/679 (di seguito \u201cRegolamento\u201d), questa pagina descrive le modalit\u00e0 di trattamento dei dati personali degli utenti che consultano il sito web accessibile per via telematica al seguente indirizzo:&nbsp;<a href=\"https:\/\/hotelromacastiglione.it\/en\/\">https:\/\/hotelromacastiglione.it<\/a><\/p>\n\n\n\n<p>Le presenti informazioni non riguardano altri siti, pagine o servizi online raggiungibili tramite link ipertestuali eventualmente pubblicati nei siti ma riferiti a risorse esterne al dominio del Titolare.<\/p>\n\n\n\n<p>Si precisa che la politica sulla Privacy potrebbe essere modificata di tanto in tanto in funzione dell\u2019attivazione di nuovi servizi o a seguito di aggiornamenti di Legge, perci\u00f2 \u00e8 consigliabile controllare periodicamente le eventuali novit\u00e0 in materia consultando il suddetto sito. In questa pagina si descrivono le modalit\u00e0 di gestione del sito in riferimento al trattamento dei dati personali degli utenti che lo consultano. Si tratta di un\u2019informativa che \u00e8 resa anche ai sensi dell\u2019art.13 del Regolamento (UE) relativo alla protezione delle persone fisiche con riguardo al trattamento dei dati personali a coloro che interagiscono con i servizi&nbsp;<em>web&nbsp;<\/em>di&nbsp;<strong>\u201cHOTEL ROMA CASTIGLIONE\u201d,&nbsp;<\/strong>accessibili per via telematica dall\u2019indirizzo&nbsp;<a href=\"mailto:hotelromacastiglione@gmail.com\">hotelromacastiglione@gmail.com<\/a>&nbsp;trattamenti dati sono definiti nell\u2019informativa e cookie policy corrispondente alla prima pagina iniziale del sito ufficiale&nbsp;<a href=\"https:\/\/hotelromacastiglione.it\/en\/\">https:\/\/hotelromacastiglione.it<\/a><\/p>\n\n\n\n<p>L\u2019informativa \u00e8 resa solo per il sito di&nbsp;<strong>\u201cHOTEL ROMA CASTIGLIONE\u201d&nbsp;<\/strong>e non anche per altri siti&nbsp;<em>web&nbsp;<\/em>eventualmente consultati dall\u2019utente tramite&nbsp;<em>link<\/em>.<\/p>\n\n\n\n<h1 class=\"wp-block-heading\"><\/h1>\n\n\n\n<h1 class=\"wp-block-heading\">Il Titolare del trattamento<\/h1>\n\n\n\n<p>A seguito della consultazione di questo sito possono essere trattati dati relativi a persone identificate o identificabili. Il \u201ctitolare\u201d del loro trattamento \u00e8&nbsp;<strong>\u201cHOTEL ROMA CASTIGLIONE\u201d,&nbsp;<\/strong>con sede legale e sede operativa in Castiglione della Pescaia 58043 GR Via C.Colombo, 14 \/ P.zza Pascoli, 10 I dati personali indicati in questa pagina sono trattati da&nbsp;<strong>\u201cHOTEL ROMA CASTIGLIONE\u201d,&nbsp;<\/strong>per lo svolgimento delle proprie attivit\u00e0. Consenso, esecuzione di un contratto, adempimento di un obbligo legale nonch\u00e9 il perseguimento di un legittimo interesse sono le basi giuridiche che, a seconda dei trattamenti dati svolti sul suddetto sito internet, saranno perseguite.<\/p>\n\n\n\n<h1 class=\"wp-block-heading\"><\/h1>\n\n\n\n<h1 class=\"wp-block-heading\">Luogo di trattamento dei dati<\/h1>\n\n\n\n<p>I trattamenti connessi ai servizi&nbsp;<em>web&nbsp;<\/em>di questo sito hanno sede in&nbsp;<strong><em><u>Italia<\/u><\/em><\/strong>, e sono gestiti dal fornitore di servizi&nbsp;<em>SingleHop&nbsp;<\/em>e sono curati da personale tecnico&nbsp;<em>di Spring Marketing&nbsp;<\/em>e da altri incaricati di&nbsp;<strong>\u201cHOTEL ROMA CASTIGLIONE\u201d<\/strong>, in occasione di operazioni di aggiornamento e manutenzione. Nessun dato derivante dal servizio&nbsp;<em>web&nbsp;<\/em>viene diffuso. I dati personali forniti volontariamente dagli utenti che inoltrano richieste di contatto sono utilizzati al solo fine di eseguire il servizio o la prestazione richiesta anche eventualmente tramite fornitori di servizio esterni.<\/p>\n\n\n\n<h1 class=\"wp-block-heading\"><\/h1>\n\n\n\n<h1 class=\"wp-block-heading\">Tipi di dati trattati e finalit\u00e0 di trattamento<\/h1>\n\n\n\n<p><em>Dati di navigazione<\/em><\/p>\n\n\n\n<p>I sistemi informatici e le procedure software preposte al funzionamento di questo sito acquisiscono, nel corso del loro normale esercizio, alcuni dati personali la cui trasmissione \u00e8 implicita nell\u2019uso dei protocolli di comunicazione di Internet.<\/p>\n\n\n\n<p>In questa categoria di dati rientrano gli indirizzi IP o i nomi a dominio dei computer e dei terminali utilizzati dagli utenti, gli indirizzi in notazione URI\/URL (Uniform Resource Identifier\/Locator) delle risorse richieste, l\u2019orario della richiesta, il metodo utilizzato nel sottoporre la richiesta al server, la dimensione del file ottenuto in risposta, il codice numerico indicante lo stato della risposta data dal server (buon fine, errore, ecc.) ed altri parametri relativi al sistema operativo e all\u2019ambiente informatico dell\u2019utente.<\/p>\n\n\n\n<p>Tali dati, necessari per la fruizione dei servizi web, vengono anche trattati allo scopo di:<\/p>\n\n\n\n<ul class=\"wp-block-list\"><li>Ottenere informazioni statistiche sull\u2019uso dei servizi (pagine pi\u00f9 visitate, numero di visitatori per fascia oraria o giornaliera, aree geografiche di provenienza, );<\/li><li>Controllare il corretto funzionamento dei servizi<\/li><\/ul>\n\n\n\n<p><em>Dati comunicati dall\u2019utente<\/em><\/p>\n\n\n\n<p>L\u2019invio facoltativo, esplicito e volontario di messaggi agli indirizzi di contatto di&nbsp;<strong>\u201cHOTEL ROMA CASTIGLIONE\u201d,&nbsp;<\/strong>nonch\u00e9 la compilazione e l\u2019inoltro dei moduli presenti sul sito&nbsp;<a href=\"https:\/\/www.romeashome.it\/\" target=\"_blank\" rel=\"noopener\">https:\/\/hotelromacastiglione.it&nbsp;<\/a>comportano l\u2019acquisizione dei dati di contatto del mittente, necessari a rispondere, nonch\u00e9 di tutti i dati personali inclusi nelle comunicazioni.<\/p>\n\n\n\n<p>Specifiche informative verranno pubblicate nelle pagine del sito&nbsp;<a href=\"https:\/\/hotelromacastiglione.it\/en\/\">https:\/\/hotelromacastiglione.it<\/a>&nbsp;predisposte per l\u2019erogazione di determinati servizi.<\/p>\n\n\n\n<p><em>Cookie e altri sistemi di tracciamento<\/em><\/p>\n\n\n\n<p>Non viene fatto uso di cookie per la profilazione degli utenti.<\/p>\n\n\n\n<p>Viene invece fatto uso di cookie di sessione (non persistenti) in modo strettamente limitato a quanto necessario per la navigazione sicura ed efficiente dei siti. La memorizzazione dei cookie di sessione nei terminali o nei browser \u00e8 sotto il controllo dell\u2019utente, laddove sui server, al termine delle sessioni HTTP, informazioni relative ai cookie restano registrate nei log dei servizi, con tempi di conservazione propri di ogni singolo gestore terzo del servizio. I dati eventualmente acquisiti attraverso i cookies, e le modalit\u00e0 per la loro gestione, sono descritti in modo completo nel documento \u201ccookie policy\u201d.<\/p>\n\n\n\n<h1 class=\"wp-block-heading\"><\/h1>\n\n\n\n<h1 class=\"wp-block-heading\">Facoltativit\u00e0 del conferimento dei dati<\/h1>\n\n\n\n<p>A parte quanto specificato per i dati di navigazione, l\u2019utente \u00e8 libero di fornire i dati personali riportati nei moduli di richiesta informazioni a&nbsp;<strong>\u201cHOTEL ROMA CASTIGLIONE\u201d&nbsp;<\/strong>all\u2019occorrenza, ogni qualvolta si richiedono tali dati sar\u00e0 fornita specifica informativa e, ove necessario richiesto il consenso.<\/p>\n\n\n\n<h1 class=\"wp-block-heading\"><\/h1>\n\n\n\n<h1 class=\"wp-block-heading\">Modalit\u00e0 di trattamento<\/h1>\n\n\n\n<p>I dati personali sono trattati con strumenti automatizzati per il tempo strettamente necessario a conseguire gli scopi per cui sono stati raccolti. Specifiche misure di sicurezza sono osservate per prevenire la perdita dei dati, usi illeciti o non corretti ed accessi non autorizzati. La informiamo che, per fornire un servizio completo, sono presenti link ad altri siti web gestiti da altri titolari. Si declina ogni responsabilit\u00e0 in caso di errori, contenuti, cookies, pubblicazioni di contenuto immorale illecito, pubblicit\u00e0, banner o files non conformi alle disposizioni normative vigenti e del rispetto della normativa Privacy da parte di siti da noi non gestiti a cui si fa riferimento.<\/p>\n\n\n\n<h1 class=\"wp-block-heading\"><\/h1>\n\n\n\n<h1 class=\"wp-block-heading\">Destinatari dei dati<\/h1>\n\n\n\n<p>Sono destinatari dei dati raccolti a seguito della consultazione del sito sopra elencati i seguenti soggetti designati da<\/p>\n\n\n\n<p><strong>\u201cHOTEL ROMA CASTIGLIONE\u201d<\/strong>, ai sensi dell\u2019articolo 28 del Regolamento, quali responsabili del trattamento.<\/p>\n\n\n\n<ul class=\"wp-block-list\"><li><em>Spring Marketing&nbsp;<\/em>quale fornitore dei servizi di sviluppo e manutenzione della piattaforma web;<\/li><li>&nbsp;&nbsp;&nbsp;&nbsp;&nbsp;&nbsp;&nbsp;&nbsp;&nbsp;&nbsp;&nbsp;&nbsp;&nbsp;&nbsp;&nbsp;&nbsp;&nbsp;&nbsp;&nbsp;&nbsp;&nbsp;&nbsp;&nbsp;&nbsp;&nbsp;&nbsp;&nbsp;&nbsp;&nbsp;&nbsp;&nbsp;&nbsp;&nbsp;&nbsp;&nbsp;&nbsp;&nbsp;&nbsp;&nbsp;&nbsp;&nbsp;&nbsp;&nbsp;&nbsp;&nbsp;&nbsp;&nbsp;&nbsp;&nbsp;&nbsp;&nbsp;&nbsp;&nbsp;&nbsp;&nbsp;&nbsp;relativamente al sito quale fornitore dei servizi di sviluppo, erogazione e gestione operativa delle piattaforme tecnologiche<\/li><\/ul>\n\n\n\n<p>I dati personali raccolti sono altres\u00ec trattati dal personale di&nbsp;<strong>\u201cHOTEL ROMA CASTIGLIONE\u201d<\/strong>, che agisce sulla base di specifiche istruzioni fornite in ordine a finalit\u00e0 e modalit\u00e0 del trattamento medesimo.<\/p>\n\n\n\n<p><strong><u>Trasferimento dati all\u2019estero<\/u><\/strong><\/p>\n\n\n\n<p>Il titolare si avvale di responsabili del trattamento ubicati in paesi Extra UE, in particolare:&nbsp;&nbsp;&nbsp;&nbsp;&nbsp;&nbsp;&nbsp;&nbsp;&nbsp;&nbsp;&nbsp;&nbsp;&nbsp;&nbsp;&nbsp;&nbsp;&nbsp;&nbsp;con garanzia di adozione di misure quali Clausole contrattuali standard, nel caso di U.S.A. adesione all\u2019accordo internazionale Privacy Shield, o con il consenso degli interessati.<\/p>\n\n\n\n<h1 class=\"wp-block-heading\"><\/h1>\n\n\n\n<h1 class=\"wp-block-heading\">Diritti degli interessati<\/h1>\n\n\n\n<p>Lei ha diritto di ottenere dal titolare la cancellazione (eventuale diritto all\u2019oblio), la limitazione, l\u2019aggiornamento, la rettificazione, la portabilit\u00e0, l\u2019opposizione al trattamento dei dati personali che La riguardano, nonch\u00e9 in generale pu\u00f2 esercitare tutti i diritti previsti dagli artt. 15, 16, 17, 18, 19, 20, 21, 22 del GDPR, ove applicabili rispetto alle finalit\u00e0 di trattamento dei dati.<\/p>\n\n\n\n<h1 class=\"wp-block-heading\">Reg.to UE 2016\/679: Artt. 15, 16, 17, 18, 19, 20, 21, 22 \u2013<\/h1>\n\n\n\n<ol class=\"wp-block-list\"><li>L\u2019interessato ha diritto di ottenere la conferma dell\u2019esistenza o meno di dati personali che lo riguardano, anche se non ancora registrati, e la loro comunicazione in forma<\/li><li>L\u2019interessato ha diritto di ottenere l\u2019indicazione:<ol><li>dell\u2019origine dei dati personali;<\/li><li>delle finalit\u00e0 e modalit\u00e0 del trattamento;<\/li><li>della logica applicata in caso di trattamento effettuato con l\u2019ausilio di strumenti elettronici;<\/li><li>degli estremi identificativi del titolare, dei responsabili e del rappresentante designato ai sensi dell\u2019articolo 5, comma 2;<\/li><li>dei soggetti o delle categorie di soggetti ai quali i dati personali possono essere comunicati o che possono venirne a conoscenza in qualit\u00e0 di rappresentante designato nel territorio dello Stato, di responsabili o<\/li><\/ol><\/li><li>L\u2019interessato ha diritto di ottenere:<ol><li>l\u2019aggiornamento, la rettificazione ovvero, quando vi ha interesse, l\u2019integrazione dei dati;<\/li><li>la cancellazione, la trasformazione in forma anonima o il blocco dei dati trattati in violazione di legge, compresi quelli di cui non \u00e8 necessaria la conservazione in relazione agli scopi per i quali i dati sono stati raccolti o successivamente trattati;<\/li><li>l\u2019attestazione che le operazioni di cui alle lettere a) e b) sono state portate a conoscenza, anche per quanto riguarda il loro contenuto, di coloro ai quali i dati sono stati comunicati o diffusi, eccettuato il caso in cui tale adempimento si rivela impossibile o comporta un impiego di mezzi manifestamente sproporzionato rispetto al diritto tutelato;<\/li><li>la portabilit\u00e0 dei dati.<\/li><\/ol><\/li><li>L\u2019interessato ha diritto di opporsi, in tutto o in parte:<ol><li>per motivi legittimi al trattamento dei dati personali che lo riguardano, ancorch\u00e9 pertinenti allo scopo della raccolta;<\/li><li>al trattamento di dati personali che lo riguardano a fini di invio di materiale pubblicitario o di vendita diretta o per il compimento di ricerche di mercato o di comunicazione<\/li><\/ol><\/li><\/ol>\n\n\n\n<h1 class=\"wp-block-heading\">Diritto di reclamo<\/h1>\n\n\n\n<p>Gli interessati che ritengono che il trattamento dei dati personali a loro riferiti effettuato attraverso questo sito avvenga in violazione di quanto previsto dal Regolamento hanno il diritto di proporre reclamo al Garante, come previsto dall\u2019art. 77 del Regolamento stesso, o di adire le opportune sedi giudiziarie (art. 79 del Regolamento).<\/p>","protected":false},"excerpt":{"rendered":"<p>Soggetti Interessati: Navigatori Ai sensi del Regolamento (UE) 2016\/679 (di seguito \u201cRegolamento\u201d), questa pagina descrive le modalit\u00e0 di trattamento dei dati personali degli utenti che consultano il sito web accessibile per via telematica al seguente indirizzo:&nbsp;https:\/\/hotelromacastiglione.it Le presenti informazioni non riguardano altri siti, pagine o servizi online raggiungibili tramite link ipertestuali eventualmente pubblicati nei siti [&hellip;]<\/p>","protected":false},"author":1,"featured_media":0,"parent":0,"menu_order":0,"comment_status":"closed","ping_status":"open","template":"","meta":{"footnotes":""},"class_list":["post-3","page","type-page","status-publish","hentry"],"_links":{"self":[{"href":"https:\/\/hotelromacastiglione.it\/en\/wp-json\/wp\/v2\/pages\/3","targetHints":{"allow":["GET"]}}],"collection":[{"href":"https:\/\/hotelromacastiglione.it\/en\/wp-json\/wp\/v2\/pages"}],"about":[{"href":"https:\/\/hotelromacastiglione.it\/en\/wp-json\/wp\/v2\/types\/page"}],"author":[{"embeddable":true,"href":"https:\/\/hotelromacastiglione.it\/en\/wp-json\/wp\/v2\/users\/1"}],"replies":[{"embeddable":true,"href":"https:\/\/hotelromacastiglione.it\/en\/wp-json\/wp\/v2\/comments?post=3"}],"version-history":[{"count":1,"href":"https:\/\/hotelromacastiglione.it\/en\/wp-json\/wp\/v2\/pages\/3\/revisions"}],"predecessor-version":[{"id":2171,"href":"https:\/\/hotelromacastiglione.it\/en\/wp-json\/wp\/v2\/pages\/3\/revisions\/2171"}],"wp:attachment":[{"href":"https:\/\/hotelromacastiglione.it\/en\/wp-json\/wp\/v2\/media?parent=3"}],"curies":[{"name":"wp","href":"https:\/\/api.w.org\/{rel}","templated":true}]}}