{"id":1241,"date":"2022-07-06T13:20:07","date_gmt":"2022-07-06T13:20:07","guid":{"rendered":"https:\/\/romacastiglione.cambia-marketing.it\/?page_id=1241"},"modified":"2022-07-22T10:31:03","modified_gmt":"2022-07-22T10:31:03","slug":"tetto-solarium","status":"publish","type":"page","link":"https:\/\/hotelromacastiglione.it\/de\/tetto-solarium\/","title":{"rendered":"Tetto solarium"},"content":{"rendered":"<div data-elementor-type=\"wp-page\" data-elementor-id=\"1241\" class=\"elementor elementor-1241\" data-elementor-post-type=\"page\">\n\t\t\t\t\t\t\t\t\t<section class=\"elementor-section elementor-top-section elementor-element elementor-element-dda2e6a elementor-section-full_width elementor-section-height-min-height elementor-section-items-bottom elementor-section-height-default\" data-id=\"dda2e6a\" data-element_type=\"section\" data-settings=\"{&quot;background_background&quot;:&quot;classic&quot;}\">\n\t\t\t\t\t\t\t<div class=\"elementor-background-overlay\"><\/div>\n\t\t\t\t\t\t\t<div class=\"elementor-container elementor-column-gap-default\">\n\t\t\t\t\t<div class=\"elementor-column elementor-col-100 elementor-top-column elementor-element elementor-element-43c1a57\" data-id=\"43c1a57\" data-element_type=\"column\">\n\t\t\t<div class=\"elementor-widget-wrap elementor-element-populated\">\n\t\t\t\t\t\t\t\t<div class=\"elementor-element elementor-element-336cd35 elementor-widget elementor-widget-heading\" data-id=\"336cd35\" data-element_type=\"widget\" data-widget_type=\"heading.default\">\n\t\t\t\t<div class=\"elementor-widget-container\">\n\t\t\t<style>\/*! elementor - v3.15.0 - 09-08-2023 *\/\n.elementor-heading-title{padding:0;margin:0;line-height:1}.elementor-widget-heading .elementor-heading-title[class*=elementor-size-]>a{color:inherit;font-size:inherit;line-height:inherit}.elementor-widget-heading .elementor-heading-title.elementor-size-small{font-size:15px}.elementor-widget-heading .elementor-heading-title.elementor-size-medium{font-size:19px}.elementor-widget-heading .elementor-heading-title.elementor-size-large{font-size:29px}.elementor-widget-heading .elementor-heading-title.elementor-size-xl{font-size:39px}.elementor-widget-heading .elementor-heading-title.elementor-size-xxl{font-size:59px}<\/style><h2 class=\"elementor-heading-title elementor-size-default\">Dachterrasse Belvedere<\/h2>\t\t<\/div>\n\t\t\t\t<\/div>\n\t\t\t\t<div class=\"elementor-element elementor-element-014b4ce elementor-widget elementor-widget-heading\" data-id=\"014b4ce\" data-element_type=\"widget\" data-widget_type=\"heading.default\">\n\t\t\t\t<div class=\"elementor-widget-container\">\n\t\t\t<h2 class=\"elementor-heading-title elementor-size-default\">ERLEBEN SIE EINEN EXKLUSIVEN URLAUB<\/h2>\t\t<\/div>\n\t\t\t\t<\/div>\n\t\t\t\t\t<\/div>\n\t\t<\/div>\n\t\t\t\t\t\t\t<\/div>\n\t\t<\/section>\n\t\t\t\t<section class=\"elementor-section elementor-top-section elementor-element elementor-element-db14da9 elementor-section-full_width elementor-section-height-default elementor-section-height-default\" data-id=\"db14da9\" data-element_type=\"section\">\n\t\t\t\t\t\t<div class=\"elementor-container elementor-column-gap-default\">\n\t\t\t\t\t<div class=\"elementor-column elementor-col-100 elementor-top-column elementor-element elementor-element-b1023cf\" data-id=\"b1023cf\" data-element_type=\"column\">\n\t\t\t<div class=\"elementor-widget-wrap elementor-element-populated\">\n\t\t\t\t\t\t\t\t<div class=\"elementor-element elementor-element-23c7289 elementor-widget elementor-widget-heading\" data-id=\"23c7289\" data-element_type=\"widget\" data-widget_type=\"heading.default\">\n\t\t\t\t<div class=\"elementor-widget-container\">\n\t\t\t<h2 class=\"elementor-heading-title elementor-size-default\">Solarium-Terrasse<\/h2>\t\t<\/div>\n\t\t\t\t<\/div>\n\t\t\t\t<div class=\"elementor-element elementor-element-6a1f59f elementor-widget elementor-widget-heading\" data-id=\"6a1f59f\" data-element_type=\"widget\" data-widget_type=\"heading.default\">\n\t\t\t\t<div class=\"elementor-widget-container\">\n\t\t\t<h2 class=\"elementor-heading-title elementor-size-default\">Entspannung mit Meerblick<\/h2>\t\t<\/div>\n\t\t\t\t<\/div>\n\t\t\t\t<div class=\"elementor-element elementor-element-1fac64a elementor-widget elementor-widget-text-editor\" data-id=\"1fac64a\" data-element_type=\"widget\" data-widget_type=\"text-editor.default\">\n\t\t\t\t<div class=\"elementor-widget-container\">\n\t\t\t<style>\/*! elementor - v3.15.0 - 09-08-2023 *\/\n.elementor-widget-text-editor.elementor-drop-cap-view-stacked .elementor-drop-cap{background-color:#69727d;color:#fff}.elementor-widget-text-editor.elementor-drop-cap-view-framed .elementor-drop-cap{color:#69727d;border:3px solid;background-color:transparent}.elementor-widget-text-editor:not(.elementor-drop-cap-view-default) .elementor-drop-cap{margin-top:8px}.elementor-widget-text-editor:not(.elementor-drop-cap-view-default) .elementor-drop-cap-letter{width:1em;height:1em}.elementor-widget-text-editor .elementor-drop-cap{float:left;text-align:center;line-height:1;font-size:50px}.elementor-widget-text-editor .elementor-drop-cap-letter{display:inline-block}<\/style>\t\t\t\t<p>Auf der obersten Etage des Hotels Roma befindet sich eine Terrasse, von der aus man ein komplettes Panorama von ganz Castiglione della Pescaia bewundern kann, vom Dorf und dem Hafen bis zum Naturschutzgebiet Diaccia Botrona.<\/p><p><b><span style=\"color: #003e59;\">Solarium-Terrasse<\/span><\/b><\/p><p>Es gibt eine Sonnenterrasse mit Liegest\u00fchlen f\u00fcr ein entspanntes und ruhiges Sonnenbad.<\/p>\t\t\t\t\t\t<\/div>\n\t\t\t\t<\/div>\n\t\t\t\t\t<\/div>\n\t\t<\/div>\n\t\t\t\t\t\t\t<\/div>\n\t\t<\/section>\n\t\t\t\t<section class=\"elementor-section elementor-top-section elementor-element elementor-element-c7f3d03 elementor-section-full_width elementor-section-height-default elementor-section-height-default\" data-id=\"c7f3d03\" data-element_type=\"section\">\n\t\t\t\t\t\t<div class=\"elementor-container elementor-column-gap-default\">\n\t\t\t\t\t<div class=\"elementor-column elementor-col-50 elementor-top-column elementor-element elementor-element-ea3bbbc\" data-id=\"ea3bbbc\" data-element_type=\"column\" data-settings=\"{&quot;background_background&quot;:&quot;classic&quot;}\">\n\t\t\t<div class=\"elementor-widget-wrap elementor-element-populated\">\n\t\t\t\t\t\t\t\t<div class=\"elementor-element elementor-element-76e6f8b elementor-widget elementor-widget-image\" data-id=\"76e6f8b\" data-element_type=\"widget\" data-widget_type=\"image.default\">\n\t\t\t\t<div class=\"elementor-widget-container\">\n\t\t\t<style>\/*! elementor - v3.15.0 - 09-08-2023 *\/\n.elementor-widget-image{text-align:center}.elementor-widget-image a{display:inline-block}.elementor-widget-image a img[src$=\".svg\"]{width:48px}.elementor-widget-image img{vertical-align:middle;display:inline-block}<\/style>\t\t\t\t\t\t\t\t\t\t\t\t<img loading=\"lazy\" decoding=\"async\" width=\"811\" height=\"1063\" src=\"https:\/\/hotelromacastiglione.it\/wp-content\/uploads\/2022\/07\/Raggruppa-227.png\" class=\"attachment-full size-full wp-image-1261\" alt=\"\" srcset=\"https:\/\/hotelromacastiglione.it\/wp-content\/uploads\/2022\/07\/Raggruppa-227.png 811w, https:\/\/hotelromacastiglione.it\/wp-content\/uploads\/2022\/07\/Raggruppa-227-229x300.png 229w, https:\/\/hotelromacastiglione.it\/wp-content\/uploads\/2022\/07\/Raggruppa-227-781x1024.png 781w, https:\/\/hotelromacastiglione.it\/wp-content\/uploads\/2022\/07\/Raggruppa-227-768x1007.png 768w\" sizes=\"auto, (max-width: 811px) 100vw, 811px\" \/>\t\t\t\t\t\t\t\t\t\t\t\t\t\t\t<\/div>\n\t\t\t\t<\/div>\n\t\t\t\t\t<\/div>\n\t\t<\/div>\n\t\t\t\t<div class=\"elementor-column elementor-col-50 elementor-top-column elementor-element elementor-element-c0e77eb\" data-id=\"c0e77eb\" data-element_type=\"column\">\n\t\t\t<div class=\"elementor-widget-wrap elementor-element-populated\">\n\t\t\t\t\t\t\t\t<div class=\"elementor-element elementor-element-0b57cb7 elementor-widget elementor-widget-heading\" data-id=\"0b57cb7\" data-element_type=\"widget\" data-widget_type=\"heading.default\">\n\t\t\t\t<div class=\"elementor-widget-container\">\n\t\t\t<h2 class=\"elementor-heading-title elementor-size-default\">Restaurant und Bar<\/h2>\t\t<\/div>\n\t\t\t\t<\/div>\n\t\t\t\t<div class=\"elementor-element elementor-element-871c4a9 elementor-widget elementor-widget-heading\" data-id=\"871c4a9\" data-element_type=\"widget\" data-widget_type=\"heading.default\">\n\t\t\t\t<div class=\"elementor-widget-container\">\n\t\t\t<h2 class=\"elementor-heading-title elementor-size-default\">Tradition auf der Terrasse <\/h2>\t\t<\/div>\n\t\t\t\t<\/div>\n\t\t\t\t<div class=\"elementor-element elementor-element-4ebefb8 elementor-widget elementor-widget-text-editor\" data-id=\"4ebefb8\" data-element_type=\"widget\" data-widget_type=\"text-editor.default\">\n\t\t\t\t<div class=\"elementor-widget-container\">\n\t\t\t\t\t\t\t<p>Das Hotel Roma bietet auch sein Rooftop Belvedere f\u00fcr Mahlzeiten an, so dass Sie einzigartige Gerichte mit einer atemberaubenden Aussicht genie\u00dfen k\u00f6nnen.<\/p>\n<b><span style=\"color: #003e59;\">Bar<\/span><\/b>\n<br>Um in Ruhe einen guten Aperitif zu genie\u00dfen, w\u00e4hrend man eine atemberaubende Aussicht genie\u00dft.\n<p>\n<b><span style=\"color: #003e59;\">Restaurant<\/span><\/b>\n<br>\nAkkurater und aufmerksamer Service in einer Traumlage. Festes Men\u00fc mit frischen, lokalen Produkten - Reservierung erforderlich.<\/p>\t\t\t\t\t\t<\/div>\n\t\t\t\t<\/div>\n\t\t\t\t<div class=\"elementor-element elementor-element-21871bd elementor-widget elementor-widget-spacer\" data-id=\"21871bd\" data-element_type=\"widget\" data-widget_type=\"spacer.default\">\n\t\t\t\t<div class=\"elementor-widget-container\">\n\t\t\t<style>\/*! elementor - v3.15.0 - 09-08-2023 *\/\n.elementor-column .elementor-spacer-inner{height:var(--spacer-size)}.e-con{--container-widget-width:100%}.e-con-inner>.elementor-widget-spacer,.e-con>.elementor-widget-spacer{width:var(--container-widget-width,var(--spacer-size));--align-self:var(--container-widget-align-self,initial);--flex-shrink:0}.e-con-inner>.elementor-widget-spacer>.elementor-widget-container,.e-con-inner>.elementor-widget-spacer>.elementor-widget-container>.elementor-spacer,.e-con>.elementor-widget-spacer>.elementor-widget-container,.e-con>.elementor-widget-spacer>.elementor-widget-container>.elementor-spacer{height:100%}.e-con-inner>.elementor-widget-spacer>.elementor-widget-container>.elementor-spacer>.elementor-spacer-inner,.e-con>.elementor-widget-spacer>.elementor-widget-container>.elementor-spacer>.elementor-spacer-inner{height:var(--container-widget-height,var(--spacer-size))}<\/style>\t\t<div class=\"elementor-spacer\">\n\t\t\t<div class=\"elementor-spacer-inner\"><\/div>\n\t\t<\/div>\n\t\t\t\t<\/div>\n\t\t\t\t<\/div>\n\t\t\t\t<div class=\"elementor-element elementor-element-55c7cce elementor-widget elementor-widget-qi_addons_for_elementor_cards_slider\" data-id=\"55c7cce\" data-element_type=\"widget\" data-widget_type=\"qi_addons_for_elementor_cards_slider.default\">\n\t\t\t\t<div class=\"elementor-widget-container\">\n\t\t\t<div class=\"qodef-shortcode qodef-m  qodef-qi-cards-slider qodef-orientation--one-side qodef-navigation--hover-move qodef-orientation--right\" data-orientation=\"right\" data-offset=\"10\">\n\t<div class=\"qodef-e-inner\">\n\t\t\t\t\t<div class=\"qodef-m-card\">\n\t\t\t\t<div class=\"qodef-m-bundle-item\">\n\t\t\t\t\t\t\t\t\t\t\t<img loading=\"lazy\" decoding=\"async\" width=\"582\" height=\"377\" src=\"https:\/\/hotelromacastiglione.it\/wp-content\/uploads\/2022\/07\/hotel_roma_castiglione-64.jpg\" class=\"attachment-full size-full\" alt=\"\" srcset=\"https:\/\/hotelromacastiglione.it\/wp-content\/uploads\/2022\/07\/hotel_roma_castiglione-64.jpg 582w, https:\/\/hotelromacastiglione.it\/wp-content\/uploads\/2022\/07\/hotel_roma_castiglione-64-300x194.jpg 300w\" sizes=\"auto, (max-width: 582px) 100vw, 582px\" \/>\t\t\t\t\t\t\t\t\t<\/div>\n\t\t\t<\/div>\n\t\t\t\t\t<div class=\"qodef-m-card\">\n\t\t\t\t<div class=\"qodef-m-bundle-item\">\n\t\t\t\t\t\t\t\t\t\t\t<img loading=\"lazy\" decoding=\"async\" width=\"556\" height=\"370\" src=\"https:\/\/hotelromacastiglione.it\/wp-content\/uploads\/2022\/07\/terrazza-5.jpg\" class=\"attachment-full size-full\" alt=\"\" srcset=\"https:\/\/hotelromacastiglione.it\/wp-content\/uploads\/2022\/07\/terrazza-5.jpg 556w, https:\/\/hotelromacastiglione.it\/wp-content\/uploads\/2022\/07\/terrazza-5-300x200.jpg 300w\" sizes=\"auto, (max-width: 556px) 100vw, 556px\" \/>\t\t\t\t\t\t\t\t\t<\/div>\n\t\t\t<\/div>\n\t\t\t\t\t<div class=\"qodef-m-card\">\n\t\t\t\t<div class=\"qodef-m-bundle-item\">\n\t\t\t\t\t\t\t\t\t\t\t<img loading=\"lazy\" decoding=\"async\" width=\"582\" height=\"370\" src=\"https:\/\/hotelromacastiglione.it\/wp-content\/uploads\/2022\/07\/hotel_roma_castiglione-63.jpg\" class=\"attachment-full size-full\" alt=\"\" srcset=\"https:\/\/hotelromacastiglione.it\/wp-content\/uploads\/2022\/07\/hotel_roma_castiglione-63.jpg 582w, https:\/\/hotelromacastiglione.it\/wp-content\/uploads\/2022\/07\/hotel_roma_castiglione-63-300x191.jpg 300w\" sizes=\"auto, (max-width: 582px) 100vw, 582px\" \/>\t\t\t\t\t\t\t\t\t<\/div>\n\t\t\t<\/div>\n\t\t\t<\/div>\n\t<div class=\"qodef-m-fake-card\">\n\t\t<img loading=\"lazy\" decoding=\"async\" width=\"582\" height=\"370\" src=\"https:\/\/hotelromacastiglione.it\/wp-content\/uploads\/2022\/07\/hotel_roma_castiglione-63.jpg\" class=\"attachment-full size-full\" alt=\"\" srcset=\"https:\/\/hotelromacastiglione.it\/wp-content\/uploads\/2022\/07\/hotel_roma_castiglione-63.jpg 582w, https:\/\/hotelromacastiglione.it\/wp-content\/uploads\/2022\/07\/hotel_roma_castiglione-63-300x191.jpg 300w\" sizes=\"auto, (max-width: 582px) 100vw, 582px\" \/>\t<\/div>\n\t<div class=\"qodef-m-navigation\">\n\t\t<div class=\"qodef-nav qodef--prev\"><svg class=\"qodef-swiper-arrow-left\" xmlns=\"http:\/\/www.w3.org\/2000\/svg\" xmlns:xlink=\"http:\/\/www.w3.org\/1999\/xlink\" x=\"0px\" y=\"0px\" viewbox=\"0 0 34.2 32.3\" xml:space=\"preserve\" style=\"stroke-width: 2;\"><line x1=\"0.5\" y1=\"16\" x2=\"33.5\" y2=\"16\"\/><line x1=\"0.3\" y1=\"16.5\" x2=\"16.2\" y2=\"0.7\"\/><line x1=\"0\" y1=\"15.4\" x2=\"16.2\" y2=\"31.6\"\/><\/svg><\/div>\n\t\t<div class=\"qodef-nav qodef--next\"><svg class=\"qodef-swiper-arrow-right\" xmlns=\"http:\/\/www.w3.org\/2000\/svg\" xmlns:xlink=\"http:\/\/www.w3.org\/1999\/xlink\" x=\"0px\" y=\"0px\" viewbox=\"0 0 34.2 32.3\" xml:space=\"preserve\" style=\"stroke-width: 2;\"><line x1=\"0\" y1=\"16\" x2=\"33\" y2=\"16\"\/><line x1=\"17.3\" y1=\"0.7\" x2=\"33.2\" y2=\"16.5\"\/><line x1=\"17.3\" y1=\"31.6\" x2=\"33.5\" y2=\"15.4\"\/><\/svg><\/div>\n\t<\/div>\n<\/div>\n\t\t<\/div>\n\t\t\t\t<\/div>\n\t\t\t\t\t<\/div>\n\t\t<\/div>\n\t\t\t\t\t\t\t<\/div>\n\t\t<\/section>\n\t\t\t\t\t\t\t<\/div>","protected":false},"excerpt":{"rendered":"<p>Rooftop belvedere VIVI UNA VACANZA ESCLUSIVA Terrazza Solarium Relax vista mare All\u2019ultimo piano dell\u2019Hotel Roma \u00e8 presente un terrazzo dove potete ammirare un completo panorama di tutta Castiglione della Pescaia, partendo dal borgo e dal porto fino alla riserva naturale Diaccia Botrona. Terrazza Solarium \u00c8 presente un terrazzo solarium con lettini per prendere il sole [&hellip;]<\/p>","protected":false},"author":1,"featured_media":0,"parent":0,"menu_order":0,"comment_status":"closed","ping_status":"closed","template":"elementor_header_footer","meta":{"footnotes":""},"class_list":["post-1241","page","type-page","status-publish","hentry"],"_links":{"self":[{"href":"https:\/\/hotelromacastiglione.it\/de\/wp-json\/wp\/v2\/pages\/1241","targetHints":{"allow":["GET"]}}],"collection":[{"href":"https:\/\/hotelromacastiglione.it\/de\/wp-json\/wp\/v2\/pages"}],"about":[{"href":"https:\/\/hotelromacastiglione.it\/de\/wp-json\/wp\/v2\/types\/page"}],"author":[{"embeddable":true,"href":"https:\/\/hotelromacastiglione.it\/de\/wp-json\/wp\/v2\/users\/1"}],"replies":[{"embeddable":true,"href":"https:\/\/hotelromacastiglione.it\/de\/wp-json\/wp\/v2\/comments?post=1241"}],"version-history":[{"count":61,"href":"https:\/\/hotelromacastiglione.it\/de\/wp-json\/wp\/v2\/pages\/1241\/revisions"}],"predecessor-version":[{"id":3254,"href":"https:\/\/hotelromacastiglione.it\/de\/wp-json\/wp\/v2\/pages\/1241\/revisions\/3254"}],"wp:attachment":[{"href":"https:\/\/hotelromacastiglione.it\/de\/wp-json\/wp\/v2\/media?parent=1241"}],"curies":[{"name":"wp","href":"https:\/\/api.w.org\/{rel}","templated":true}]}}